{"id":92,"date":"2021-09-07T10:33:45","date_gmt":"2021-09-07T10:33:45","guid":{"rendered":"https:\/\/teilhabe-am-leben.de\/?page_id=92"},"modified":"2021-09-07T14:37:34","modified_gmt":"2021-09-07T14:37:34","slug":"meine-antraege","status":"publish","type":"page","link":"https:\/\/teilhabe-am-leben.de\/?page_id=92","title":{"rendered":"Meine Antr\u00e4ge"},"content":{"rendered":"\n<h1 class=\"wp-block-heading\">Diese Seite wird noch erstellt.<\/h1>\n\n\n\n<p>Wir erstellen gerade Inhalte f\u00fcr diese Seite. Um unseren eigenen hohen Qualit\u00e4tsanspr\u00fcchen gerecht zu werden ben\u00f6tigen wir hierf\u00fcr noch etwas Zeit.<\/p>\n\n\n\n<p>Bitte besuchen Sie diese Seite bald wieder. Vielen Dank f\u00fcr ihr Interesse!<\/p>\n\n\n\n<figure class=\"wp-block-table\"><table><tbody><tr><td><a href=\"http:\/\/sozial-gut.de\/.cm4all\/uproc.php\/0\/Antrag_Fahraddwege-Neu.pdf?cdp=a&amp;_=16ea527b040\"><\/a><\/td><td><strong>Antrag Radwege<\/strong><br>Antrag um CO2 einzusparen und den Umstieg von Auto zum Fahrrad zu erleichtern<br><a href=\"http:\/\/sozial-gut.de\/.cm4all\/uproc.php\/0\/Antrag_Fahraddwege-Neu.pdf?cdp=a&amp;_=16ea527b040\">Antrag_Fahraddwege-Neu.pdf<\/a>&nbsp;(429.54KB)<\/td><\/tr><\/tbody><\/table><\/figure>\n\n\n\n<figure class=\"wp-block-table\"><table><tbody><tr><td><a href=\"http:\/\/sozial-gut.de\/.cm4all\/uproc.php\/0\/Am%20Randgraben%20Schulweg-_1.pdf?cdp=a&amp;_=1729028f5d8\"><\/a><\/td><td><strong>Sicheren Fu\u00dfweg Wohngebiet &#8222;Am Randgraben&#8220;<\/strong><br><a href=\"http:\/\/sozial-gut.de\/.cm4all\/uproc.php\/0\/Am%20Randgraben%20Schulweg-_1.pdf?cdp=a&amp;_=1729028f5d8\">Am Randgraben Schulweg-_1.pdf<\/a>&nbsp;(125.03KB)<\/td><\/tr><\/tbody><\/table><\/figure>\n","protected":false},"excerpt":{"rendered":"<p>Diese Seite wird noch erstellt. Wir erstellen gerade Inhalte f\u00fcr diese Seite. Um unseren eigenen hohen Qualit\u00e4tsanspr\u00fcchen gerecht zu werden ben\u00f6tigen wir hierf\u00fcr noch etwas &hellip; <\/p>\n","protected":false},"author":1,"featured_media":0,"parent":0,"menu_order":0,"comment_status":"closed","ping_status":"closed","template":"","meta":{"footnotes":""},"class_list":["post-92","page","type-page","status-publish","hentry"],"_links":{"self":[{"href":"https:\/\/teilhabe-am-leben.de\/index.php?rest_route=\/wp\/v2\/pages\/92","targetHints":{"allow":["GET"]}}],"collection":[{"href":"https:\/\/teilhabe-am-leben.de\/index.php?rest_route=\/wp\/v2\/pages"}],"about":[{"href":"https:\/\/teilhabe-am-leben.de\/index.php?rest_route=\/wp\/v2\/types\/page"}],"author":[{"embeddable":true,"href":"https:\/\/teilhabe-am-leben.de\/index.php?rest_route=\/wp\/v2\/users\/1"}],"replies":[{"embeddable":true,"href":"https:\/\/teilhabe-am-leben.de\/index.php?rest_route=%2Fwp%2Fv2%2Fcomments&post=92"}],"version-history":[{"count":2,"href":"https:\/\/teilhabe-am-leben.de\/index.php?rest_route=\/wp\/v2\/pages\/92\/revisions"}],"predecessor-version":[{"id":137,"href":"https:\/\/teilhabe-am-leben.de\/index.php?rest_route=\/wp\/v2\/pages\/92\/revisions\/137"}],"wp:attachment":[{"href":"https:\/\/teilhabe-am-leben.de\/index.php?rest_route=%2Fwp%2Fv2%2Fmedia&parent=92"}],"curies":[{"name":"wp","href":"https:\/\/api.w.org\/{rel}","templated":true}]}}