{"id":54,"date":"2020-09-12T19:27:35","date_gmt":"2020-09-12T19:27:35","guid":{"rendered":"https:\/\/teilhabe-am-leben.de\/?page_id=54"},"modified":"2021-09-08T14:41:13","modified_gmt":"2021-09-08T14:41:13","slug":"startseite","status":"publish","type":"page","link":"https:\/\/teilhabe-am-leben.de\/?page_id=54","title":{"rendered":"Startseite"},"content":{"rendered":"\n<div class=\"wp-block-media-text alignwide is-stacked-on-mobile is-vertically-aligned-center\"><figure class=\"wp-block-media-text__media\"><img loading=\"lazy\" decoding=\"async\" width=\"1001\" height=\"1001\" src=\"https:\/\/teilhabe-am-leben.de\/wp-content\/uploads\/2020\/09\/img00001.png\" alt=\"\" class=\"wp-image-58 size-full\" srcset=\"https:\/\/teilhabe-am-leben.de\/wp-content\/uploads\/2020\/09\/img00001.png 1001w, https:\/\/teilhabe-am-leben.de\/wp-content\/uploads\/2020\/09\/img00001-300x300.png 300w, https:\/\/teilhabe-am-leben.de\/wp-content\/uploads\/2020\/09\/img00001-150x150.png 150w, https:\/\/teilhabe-am-leben.de\/wp-content\/uploads\/2020\/09\/img00001-768x768.png 768w\" sizes=\"auto, (max-width: 1001px) 100vw, 1001px\" \/><\/figure><div class=\"wp-block-media-text__content\">\n<p>Die UN-Behindertenrechtskonvention sagt ganz klar, welche Rechte wir Menschen mit Einschr\u00e4nkungen haben.<\/p>\n\n\n\n<p>Leider sieht die Realit\u00e4t ganz anders aus.<\/p>\n\n\n\n<p>In den K\u00f6pfen der Menschen die entscheiden m\u00fcssen\/d\u00fcrfen geht es immer nur ums Geld. Es werden uns st\u00e4ndig Steine in den Weg gelegt, welche wir leider erstmal aus dem Weg r\u00e4umen m\u00fcssen.<\/p>\n\n\n\n<p>Das ist keine Gleichstellung und verst\u00f6\u00dft gegen das Grundgesetz.<\/p>\n\n\n\n<p><a href=\"https:\/\/www.behindertenbeauftragte.de\/SharedDocs\/Publikationen\/UN_Konvention_deutsch.pdf?__blob=publicationFile&amp;v=2\">https:\/\/www.behindertenbeauftragte.de\/SharedDocs\/Publikationen\/UN_Konvention_deutsch.pdf?__blob=publicationFile&amp;v=2<\/a><\/p>\n<\/div><\/div>\n\n\n\n<p>UN &#8211; Behindertenkonvention in leichter Sprache::<\/p>\n\n\n\n<p><a href=\"https:\/\/www.institut-fuer-menschenrechte.de\/fileadmin\/user_upload\/PDF-Dateien\/Pakte_Konventionen\/CRPD_behindertenrechtskonvention\/crpd_leichte_sprache_de.pdf\">https:\/\/www.institut-fuer-menschenrechte.de\/fileadmin\/user_upload\/PDF-Dateien\/Pakte_Konventionen\/CRPD_behindertenrechtskonvention\/crpd_leichte_sprache_de.pdf<\/a><\/p>\n\n\n\n<p>In Kurzform:<\/p>\n\n\n\n<p><a href=\"https:\/\/www.q-acht.net\/downloads\/2017\/UN-Konventionleicht-leichte-sprache-kurzfassung.pdf\">https:\/\/www.q-acht.net\/downloads\/2017\/UN-Konventionleicht-leichte-sprache-kurzfassung.pdf<\/a><\/p>\n","protected":false},"excerpt":{"rendered":"<p>Die UN-Behindertenrechtskonvention sagt ganz klar, welche Rechte wir Menschen mit Einschr\u00e4nkungen haben. Leider sieht die Realit\u00e4t ganz anders aus. In den K\u00f6pfen der Menschen die &hellip; <\/p>\n","protected":false},"author":1,"featured_media":0,"parent":0,"menu_order":0,"comment_status":"closed","ping_status":"closed","template":"","meta":{"footnotes":""},"class_list":["post-54","page","type-page","status-publish","hentry"],"_links":{"self":[{"href":"https:\/\/teilhabe-am-leben.de\/index.php?rest_route=\/wp\/v2\/pages\/54","targetHints":{"allow":["GET"]}}],"collection":[{"href":"https:\/\/teilhabe-am-leben.de\/index.php?rest_route=\/wp\/v2\/pages"}],"about":[{"href":"https:\/\/teilhabe-am-leben.de\/index.php?rest_route=\/wp\/v2\/types\/page"}],"author":[{"embeddable":true,"href":"https:\/\/teilhabe-am-leben.de\/index.php?rest_route=\/wp\/v2\/users\/1"}],"replies":[{"embeddable":true,"href":"https:\/\/teilhabe-am-leben.de\/index.php?rest_route=%2Fwp%2Fv2%2Fcomments&post=54"}],"version-history":[{"count":4,"href":"https:\/\/teilhabe-am-leben.de\/index.php?rest_route=\/wp\/v2\/pages\/54\/revisions"}],"predecessor-version":[{"id":177,"href":"https:\/\/teilhabe-am-leben.de\/index.php?rest_route=\/wp\/v2\/pages\/54\/revisions\/177"}],"wp:attachment":[{"href":"https:\/\/teilhabe-am-leben.de\/index.php?rest_route=%2Fwp%2Fv2%2Fmedia&parent=54"}],"curies":[{"name":"wp","href":"https:\/\/api.w.org\/{rel}","templated":true}]}}