{"id":110,"date":"2021-09-07T10:37:56","date_gmt":"2021-09-07T10:37:56","guid":{"rendered":"https:\/\/teilhabe-am-leben.de\/?page_id=110"},"modified":"2021-09-08T15:42:12","modified_gmt":"2021-09-08T15:42:12","slug":"rund-um-pflege","status":"publish","type":"page","link":"https:\/\/teilhabe-am-leben.de\/?page_id=110","title":{"rendered":"Rund um Pflege"},"content":{"rendered":"\n<h1 class=\"wp-block-heading\">Pl\u00f6tzlich kommt es anders als man es m\u00f6chte!<\/h1>\n\n\n\n<p>Pl\u00f6tzlich kommt man ohne, dass man es m\u00f6chte durch Unfall und \/ oder Krankheit in eine Situation und man ist dan auf einmal pflegebed\u00fcrftig. Dann muss man schnellst m\u00f6glich handeln und wenn man vorher noch nie sich mit dem Thema besch\u00e4fftigt hat, fangen die Probleme an.<\/p>\n\n\n\n<p>Wer hat Anspruch f\u00fcr eine Pflegestufe und hat somit ein Recht von der Pflegekasse Unterst\u00fctzung zu bekommen. Wie muss man einen Antrag stellen und vor allem auch wo?<\/p>\n\n\n\n<p>Wenn man pflegebed\u00fcrftig wird, woher bekommt man einen Ambulanten Pflegedienst, wenn man noch zu Hause wohnen m\u00f6chte \/ kann? Wenn man daheim nicht mehr wohnen kann \/ m\u00f6chte, wo finde ich ein passendes Pflegeheim f\u00fcr die Kurzeit Pflege und \/ oder einen dauerhaften Pflegeheim Platz?<\/p>\n\n\n\n<p>All diese Fragen und mehr m\u00f6chte ich Ihnen hier etwas beantworten und Unterst\u00fctzung geben, wie Sie Hilfe bekommen. Da ich selbst Krank bin, dauerhaft im Rollstuhl sitze und Pflegestufe 3 habe, habe ich am Anfang auch sehr viele Probleme gehabt. Ich habe m\u00fchevoll nach guter Beratung und Unterst\u00fctzung gesucht. Damit Sie es etwas leichter haben und schneller an Ihr Ziel kommen, habe ich hier meine Erfahrungen f\u00fcr Sie zusammengef\u00fchrt.<\/p>\n\n\n\n<p>Nat\u00fcrlich kann ich nicht alles wissen. Wenn Sie gute Tipps und \/ oder Links haben k\u00f6nnen Sie mir gerne unter Info@sozial-gut.de eine Nachricht schreiben. Ich werde es dann hier mit aufnehmen und somit f\u00fcr Allen zur Verf\u00fcgung stellen.<\/p>\n\n\n\n<p>Ich hoffe, dass Sie niemals in diese Lage kommen werden, jedoch dann haben Sie hier eine gute erste Unterst\u00fctzung.<\/p>\n\n\n\n<p>Hier finden Sie wichtige Links zur Suche von ambulantenPflegedienstenund \/ oder Pflegeheimen.<\/p>\n\n\n\n<p>1.&nbsp;<a href=\"https:\/\/niedersachsen.aok.de\/pflege\/\" target=\"_blank\" rel=\"noreferrer noopener\">AOK Bundesverband GbR, AOK Gesundheitsnavigator<\/a><\/p>\n\n\n\n<p>2.&nbsp;<a href=\"http:\/\/www.aok-pflegedienstnavigator.de\/index.php?module=careservice\" target=\"_blank\" rel=\"noreferrer noopener\">AOK-Pflegedienstnavigator<\/a><\/p>\n\n\n\n<p>3.&nbsp;<a href=\"http:\/\/www.aok-pflegedienstnavigator.de\/index.php?module=nursinghome\" target=\"_blank\" rel=\"noreferrer noopener\">AOK-Pflegeheimnavigator<\/a><\/p>\n\n\n\n<p>4.&nbsp;<a href=\"http:\/\/aok-bv.de\/hintergrund\/das_gilt\/index_14999.html\" target=\"_blank\" rel=\"noreferrer noopener\">Leistungen der sozialen Pflegeversicherung<\/a><\/p>\n\n\n\n<p>5.&nbsp;<a href=\"http:\/\/pflegelotse.de\/(S(251fbcpi2tmq4isstaprexny))\/presentation\/pl_intro.aspx?krankenkasse=vdek\" target=\"_blank\" rel=\"noreferrer noopener\">Pflegelotse vdek Die Ersatzkassen<\/a><\/p>\n\n\n\n<p>6.&nbsp;<a href=\"https:\/\/www.weisse-liste.de\/de\/pflege\/startseite-pflege\/\" target=\"_blank\" rel=\"noreferrer noopener\">Pflegeangebote Weisse-Liste, Arzt suche, Pflegedienst, Pflegeheim<\/a><\/p>\n\n\n\n<p>7.&nbsp;<a href=\"http:\/\/www.bundesgesundheitsministerium.de\/themen\/pflege\/pflegestaerkungsgesetze\/verbesserte-leistungen-fuer-pflegebeduerftige.html\" target=\"_blank\" rel=\"noreferrer noopener\">Bundesministerium f\u00fcr Gesundheit<\/a><\/p>\n\n\n\n<p>8.&nbsp;<a href=\"http:\/\/www.pflegeberatung.de\/meine-pflegesuche.html\" target=\"_blank\" rel=\"noreferrer noopener\">Pflegeberatung, eine Initiative von den Privaten Krankenkasse<\/a><\/p>\n\n\n\n<p>9.&nbsp;<a href=\"http:\/\/compass-pflegeberatung.de\/\" target=\"_blank\" rel=\"noreferrer noopener\">Compass, Private Pflegeberatung<\/a><\/p>\n\n\n\n<p>10.&nbsp;<a href=\"http:\/\/www.der-pflegekompass.de\/KBS\/01_Home\/home_node.html?__site=kbs\" target=\"_blank\" rel=\"noreferrer noopener\">Knappschaft<\/a><\/p>\n\n\n\n<p>11.&nbsp;<a href=\"https:\/\/www.bkk-pflegefinder.de\/\" target=\"_blank\" rel=\"noreferrer noopener\">BKK Pflegefinder<\/a><\/p>\n\n\n\n<p><a rel=\"noreferrer noopener\" href=\"http:\/\/rehadat.de\/de\/\" target=\"_blank\">Rehadat, Hier kann man sich erste Informationen bekommen \u00fcber alle m\u00f6gliche Hilfsmittel<\/a> beschaffen. <\/p>\n\n\n\n<figure class=\"wp-block-image\"><img decoding=\"async\" src=\"http:\/\/strato-editor.com\/imageprocessor\/counter.cls\/14_3470_6\" alt=\"003470\"\/><\/figure>\n\n\n\n<p><\/p>\n","protected":false},"excerpt":{"rendered":"<p>Pl\u00f6tzlich kommt es anders als man es m\u00f6chte! Pl\u00f6tzlich kommt man ohne, dass man es m\u00f6chte durch Unfall und \/ oder Krankheit in eine Situation &hellip; <\/p>\n","protected":false},"author":1,"featured_media":0,"parent":0,"menu_order":0,"comment_status":"closed","ping_status":"closed","template":"","meta":{"footnotes":""},"class_list":["post-110","page","type-page","status-publish","hentry"],"_links":{"self":[{"href":"https:\/\/teilhabe-am-leben.de\/index.php?rest_route=\/wp\/v2\/pages\/110","targetHints":{"allow":["GET"]}}],"collection":[{"href":"https:\/\/teilhabe-am-leben.de\/index.php?rest_route=\/wp\/v2\/pages"}],"about":[{"href":"https:\/\/teilhabe-am-leben.de\/index.php?rest_route=\/wp\/v2\/types\/page"}],"author":[{"embeddable":true,"href":"https:\/\/teilhabe-am-leben.de\/index.php?rest_route=\/wp\/v2\/users\/1"}],"replies":[{"embeddable":true,"href":"https:\/\/teilhabe-am-leben.de\/index.php?rest_route=%2Fwp%2Fv2%2Fcomments&post=110"}],"version-history":[{"count":4,"href":"https:\/\/teilhabe-am-leben.de\/index.php?rest_route=\/wp\/v2\/pages\/110\/revisions"}],"predecessor-version":[{"id":200,"href":"https:\/\/teilhabe-am-leben.de\/index.php?rest_route=\/wp\/v2\/pages\/110\/revisions\/200"}],"wp:attachment":[{"href":"https:\/\/teilhabe-am-leben.de\/index.php?rest_route=%2Fwp%2Fv2%2Fmedia&parent=110"}],"curies":[{"name":"wp","href":"https:\/\/api.w.org\/{rel}","templated":true}]}}