{"id":107,"date":"2021-09-07T10:37:30","date_gmt":"2021-09-07T10:37:30","guid":{"rendered":"https:\/\/teilhabe-am-leben.de\/?page_id=107"},"modified":"2021-09-07T14:50:02","modified_gmt":"2021-09-07T14:50:02","slug":"behindertentoiletten","status":"publish","type":"page","link":"https:\/\/teilhabe-am-leben.de\/?page_id=107","title":{"rendered":"Behindertentoiletten"},"content":{"rendered":"\n<h1 class=\"wp-block-heading\">Hier finden Sie Behinderten gerechte Toiletten wo man mit dem Rollstuhl rein fahren kann.<\/h1>\n\n\n\n<figure class=\"wp-block-image\"><img decoding=\"async\" src=\"http:\/\/sozial-gut.de\/.cm4all\/iproc.php\/Behinderten-WC_Schild.gif\/downsize_1280_0\/Behinderten-WC_Schild.gif\" alt=\"\" title=\"\"\/><\/figure>\n\n\n\n<p>Es sind an Folgende Adressen m\u00f6glich mit dem Rollstuhl in die Toiletten zu fahren.<\/p>\n\n\n\n<p>1.&nbsp;<a href=\"https:\/\/www.famila-nordwest.de\/service\/service-vor-ort.html\" target=\"_blank\" rel=\"noreferrer noopener\">Famila<\/a>&nbsp;Food&nbsp;Haus<\/p>\n\n\n\n<p>2.&nbsp;<a href=\"https:\/\/www.famila-nordwest.de\/service\/service-vor-ort.html\" target=\"_blank\" rel=\"noreferrer noopener\">Famila<\/a>&nbsp;Getr\u00e4nke Haus<\/p>\n\n\n\n<p><strong>famila Ganderkesee<br><\/strong>Gr\u00fcppenb\u00fchrener Str. 5<br>27777 Ganderkesee<br>\u00d6ffnungszeiten:&nbsp;&nbsp; Mo.- Fr. 8.00 \u2013 21.00 Uhr<br>Sa. 8.00 &#8211; 20.00 Uhr<br>Tel. Markt:&nbsp;<a href=\"tel:04222%20\/%209435-0\" target=\"_blank\" rel=\"noreferrer noopener\">04222 \/ 9435-0<\/a><br>Tel. Getr\u00e4nkemarkt:&nbsp;<a href=\"tel:04222%20\/%208056558\" target=\"_blank\" rel=\"noreferrer noopener\">04222 \/ 8056558<\/a><br>Fax:&nbsp;<a href=\"tel:04222%20\/%209435-60\" target=\"_blank\" rel=\"noreferrer noopener\">04222 \/ 9435-60<\/a><\/p>\n\n\n\n<p>3.&nbsp;<a href=\"https:\/\/www.gemeindeganderkesee.de\/\" target=\"_blank\" rel=\"noreferrer noopener\">Rathaus<\/a>, M\u00fchlenstra\u00dfe 2-4, 27777 Ganderkesee,&nbsp;<a href=\"tel:04222%2044-0\" target=\"_blank\" rel=\"noreferrer noopener\">04222 44-0<\/a><\/p>\n\n\n\n<p>4.&nbsp;<a href=\"https:\/\/www.regiovhs.de\/index.php?id=79\" target=\"_blank\" rel=\"noreferrer noopener\">VHS<\/a>&nbsp;mit Euro Schl\u00fcssel, Rathausstra\u00dfe 24, 27777 Ganderkesee altes Rathaus&nbsp;<\/p>\n\n\n\n<p>&nbsp;&nbsp;&nbsp; Hier kann man 24 Stunden benutzen mit dem Euro Schl\u00fcssel, oder 50 Cent Einwurf<\/p>\n\n\n\n<p>5.&nbsp;<a href=\"http:\/\/www.inkoop.de\/maerkte\/fillialen\/ganderkesee-raiffeisenstrasse\/\" target=\"_blank\" rel=\"noreferrer noopener\">Inkoop<\/a>, Raiffeisenstra\u00dfe 1, 27777 Ganderkesee, \u00d6ffnungszeiten 7:00 bis 21:00 Uhr<\/p>\n\n\n\n<p>6.&nbsp;<a href=\"http:\/\/ganderkesee.bbm-baumarkt.de\/startseite\/\" target=\"_blank\" rel=\"noreferrer noopener\">BBM Baumarkt<\/a>,&nbsp;Rudolf Diesel Str. 2, 27777 Ganderkesee,<a href=\"tel:04222%2094410\" target=\"_blank\" rel=\"noreferrer noopener\">04222 94410<\/a>, 8 &#8211; 19 Uhr Samstags nur bis 18 Uhr<\/p>\n\n\n\n<p>7.&nbsp;<a href=\"http:\/\/www.falkensteinsee.de\/\" target=\"_blank\" rel=\"noreferrer noopener\">Camping und Ferienpark&nbsp;<\/a><a href=\"http:\/\/www.falkensteinsee.de\/\" target=\"_blank\" rel=\"noreferrer noopener\">Falkensteinsee<\/a>,<\/p>\n\n\n\n<p>&nbsp;&nbsp;&nbsp;&nbsp;Falkensteinsee 1,&nbsp;27777 Ganderkesee Steinkimmen,&nbsp;<a href=\"tel:04222-9470077\" target=\"_blank\" rel=\"noreferrer noopener\">04222-9470077<\/a><\/p>\n\n\n\n<p>8.&nbsp;<a href=\"http:\/\/www.falkensteinsee.de\/unser-platz\/bistro\/index.html\" target=\"_blank\" rel=\"noreferrer noopener\">Das Restaurant SeeHuus am Falkensteinsee.<\/a><\/p>\n\n\n\n<p>&nbsp;&nbsp;&nbsp;&nbsp; Falkensteinsee 1,&nbsp;27777 Ganderkesee Steinkimmen. Ge\u00f6ffnet 8:00 bis 22:00 Uhr,&nbsp;<a href=\"tel:04222-8029999\" target=\"_blank\" rel=\"noreferrer noopener\">04222-8029999<\/a><\/p>\n\n\n\n<p><strong><a href=\"http:\/\/hotel-oldenburger-hof.de\/\" target=\"_blank\" rel=\"noreferrer noopener\">Hotel &amp; Restaurant Oldenburger Hof<\/a>&nbsp;&nbsp;<\/strong><\/p>\n\n\n\n<p>Familie Stolle, Wittekindstra\u00dfe 16, 27777 Ganderkesee,&nbsp;<a href=\"tel:04222%2094%20290\" target=\"_blank\" rel=\"noreferrer noopener\">04222 94 290<\/a><\/p>\n\n\n\n<p>\u00d6ffnungszeiten: Mo. &#8211; Fr.: 10.30 Uhr bis 14.00 Uhr und 16.00 Uhr bis 22.00 Uhr, Sa.: 17.00 Uhr bis 21.30 Uhr,&nbsp;<\/p>\n\n\n\n<p>So.: 10.00 Uhr bis 14.00 Uhr, Abends geschlossen<\/p>\n\n\n\n<p>Gantero Am Bahnhof<\/p>\n\n\n\n<p>Sievers K\u00fchlingen<\/p>\n\n\n\n<p>Backenk\u00f6hler Stenum<\/p>\n\n\n\n<p>Dobranz Schlutter<\/p>\n\n\n\n<p>Thiemann Neddenh\u00fcsen<\/p>\n\n\n\n<p>&nbsp;<br>&#8211; Mensa Ganderkesee ( Am Steinacker ), ge\u00f6ffnet bei Veranstaltungen.<br>&#8211; Haus M\u00fcller ( Ring 24 ), ge\u00f6ffnet bei Veranstaltungen\/ Ausstellungen.<br>&#8211; B\u00fccherei Ganderkesee, gem. den aktuellen \u00d6ffnungszeiten.<br>&#8211; B\u00fccherei\/ B\u00fcrgerb\u00fcro Bookholzberg, gem. den aktuellen \u00d6ffnungszeiten.<br>&#8211; Jugendzentrum &#8222;Trend&#8220; ( Bergedorfer Str. ), nur behindertengerecht&nbsp;.<br>&#8211; Sauna Huus ( Heideweg ), gem. den aktuellen \u00d6ffnungszeiten.<br>&nbsp;<br>Alle Schulen und Sportvereine haben keine \u00f6ffentl. Toilettenanlagen !<br>das neue \u00c4rztehaus an der Raiffeisenstr. eine Behindertentoilette haben.<br>&nbsp;<\/p>\n\n\n\n<p>Gerne k\u00f6nnen Sie mir auch ihre Bekannten Adressen zu kommen lassen. Gerne werde ich es hier mit rein stellen, damit alle darauf zugreifen k\u00f6nnen. Jeder weiss was, und hier soll eine Sammlung von allen bekannten Adressen zusammen gefasst werden.&nbsp;<\/p>\n\n\n\n<p><a href=\"https:\/\/www.google.com\/maps\/d\/viewer?mid=1ZSKs6cKWbieJ8mImy1oOmGTPEDg\" target=\"_blank\" rel=\"noreferrer noopener\">Externer Link zu Google Map&#8230;&#8230;..<\/a><\/p>\n\n\n\n<figure class=\"wp-block-image\"><a href=\"http:\/\/sozial-gut.de\/.cm4all\/iproc.php\/schwerbehindertenparkplaetze_28.6.16.pdf?cdp=a\"><img decoding=\"async\" src=\"http:\/\/sozial-gut.de\/.cm4all\/iproc.php\/Parken1.png\/downsize_1280_0\/Parken1.png\" alt=\"Kostenlose Rollstuhl gerechte Parkpl\u00e4tze in Ganderkesee\" title=\"Kostenlose Rollstuhl gerechte Parkpl\u00e4tze in Ganderkesee\"\/><\/a><\/figure>\n\n\n\n<h2 class=\"wp-block-heading\">\u201eMobiler&nbsp;Einkaufswagen\u201c<\/h2>\n\n\n\n<p>Seit dem 01.09.2015 l\u00e4uft die gemeinsame Initiative von inkoop und Maltesern, um Senioren mit eingeschr\u00e4nkter Mobilit\u00e4t zu einem gemeinsamen Einkaufserlebnis zu verhelfen. Die Fahrt startet immer dienstags ab 9.00 Uhr Wegen der \u00fcberraschend gro\u00dfen Nachfrage ist der Dienst inzwischen auf drei Busse aufgestockt worden, so dass auch zus\u00e4tzliche Interessenten von dieser Idee profitieren k\u00f6nnen.&nbsp;<strong>Nat\u00fcrlich ist die Teilnahme auch weiterhin kostenlos<\/strong>&nbsp;\u2013 aber wegen der begrenzten Platzanzahl ist eine Anmeldung zwingend erforderlich.&nbsp;<strong>Es k\u00f6nnen auch in begrenzter Anzahl Rollstuhl Fahrer kostenlos&nbsp;mitgenommen werden.<\/strong><\/p>\n\n\n\n<p>Wenn Sie teilnehmen m\u00f6chten, melden Sie sich bitte werktags zwischen 8.00 und 12.00 Uhr unter der Telefonnummer&nbsp;<a href=\"tel:04221%20962116\" target=\"_blank\" rel=\"noreferrer noopener\">04221 962116<\/a>.<\/p>\n\n\n\n<p>&nbsp;&nbsp;&nbsp;&nbsp;&nbsp;&nbsp;&nbsp;<a href=\"http:\/\/www.inkoop.de\/aktuelles\/#malteser\" target=\"_blank\" rel=\"noreferrer noopener\">Direkter Link zur Homepage Inkoop<\/a>&nbsp;&nbsp;<\/p>\n\n\n\n<p><a href=\"http:\/\/sozial-gut.de\/Kontakt\/\">Wenn Sie noch andere Gesch\u00e4fte oder Wirtschaften kennen wo man mit dem Rollstuhl zur Toilette kommt. Bitte ich Sie mir eine Email zu schreiben mit Adresse und Kontaktdaten. Vielen Dank f\u00fcr ihre M\u00fche, und sagen Sie es andere Betroffenen das man hier nach schauen kann.<\/a><\/p>\n\n\n\n<h2 class=\"wp-block-heading\">Was ist eine Behindertentoilette?<\/h2>\n\n\n\n<p>Eine Behindertentoilette hat bestimmte Voraussetzungen, damit Menschen mit Behinderungen die Toilette benutzen k\u00f6nnen. Sie muss gro\u00df genug sein, damit Rollstuhlfahrer mit Ihrem Rollstuhl hinein kommen. Au\u00dferdem ist es w\u00fcnschenswert, dass eine Behindertentoilette Haltegriffe an der Wand hat, damit Rollstuhlfahrer und Menschen mit einer Gehbehinderung sich beim hinsetzen und aufstehen bzw. in den Rollstuhl setzen festhalten k\u00f6nnen. Manche Behindertentoiletten haben sogar eine Klingel, falls der Behinderte Hilfe ben\u00f6tigt.&nbsp;&nbsp;<\/p>\n\n\n\n<p>Au\u00dferdem sollte auf einer Behindertentoilette immer Sauberkeit und Hygiene gew\u00e4hrleistet sein.&nbsp;<\/p>\n\n\n\n<p>Diese ist hier aus mehreren Gr\u00fcnden besonders wichtig. Beispielsweise sind Rollstuhlfahrer zum gro\u00dfen Teil darauf angewiesen sich auf die Toilette setzen zu k\u00f6nnen. Es ist nicht m\u00f6glich, schnell&nbsp;&nbsp;im Stehen seine Notdurft zu verrichten, wenn die Toilette dreckig ist. Auch ist ein schwaches Immunsystem oft Begleiterscheinung von Behinderungen, zu viele Keime auf unsauberen \u00f6ffentlichen Toiletten m\u00fcssen deshalb vermieden werden. Aber auch f\u00fcr blinde oder sehbehinderte Menschen, die Ihre Umgebung ertasten m\u00fcssen, sind saubere Toiletten notwendig.&nbsp;&nbsp;<\/p>\n\n\n\n<p>Um diese Sauberkeit auf Toiletten gew\u00e4hrleisten zu k\u00f6nnen und die meist sehr kostspielige Ausstattung vor Vandalismus zu sch\u00fctzen, sind Behindertentoiletten oft verschlossen und k\u00f6nnen nur mit einem EURO-Schl\u00fcssel ge\u00f6ffnet werden.<\/p>\n\n\n\n<h2 class=\"wp-block-heading\">Was ist ein EURO-Schl\u00fcssel?<\/h2>\n\n\n\n<p>\u00d6ffentliche Behindertentoiletten sind oft mit einem einheitlichen Schlie\u00dfsystem versehen, das mit dem so genannten EURO-Schl\u00fcssel ge\u00f6ffnet werden kann.<\/p>\n\n\n\n<p>Der Schl\u00fcssel kann von Menschen mit Behinderung gegen eine Geb\u00fchr von ca. 20 Euro beim CBF-Darmstadt bestellt werden. Der EURO-Schl\u00fcssel erm\u00f6glicht es allen Menschen mit Behinderung, die diesen Schl\u00fcssel besitzen, \u00f6ffentlichen Behinderten-WC\u00b4s zu nutzen. Und es wird sichergestellt, dass diese Behindertentoiletten nicht von \u201eunberechtigten\u201c Personen ohne Behindertenausweis genutzt und blockiert werden.<\/p>\n\n\n\n<h2 class=\"wp-block-heading\">Wo kann ich den EURO-Schl\u00fcssel einsetzen?<\/h2>\n\n\n\n<p>Der Schl\u00fcssel wird bereits in Deutschland, \u00d6sterreich und in der Schweiz sowie in einigen weiteren europ\u00e4ischen L\u00e4ndern verwendet. Er passt an Autobahn- und Bahnhofstoiletten, aber auch an \u00f6ffentliche Toiletten in St\u00e4dten, Museen oder Beh\u00f6rden und sogar teilweise an Aufz\u00fcgen oder Rollstuhldurchg\u00e4ngen etc., an denen das passende Schlie\u00dfsystem eingesetzt wird. Dieses System ist in Deutschland, \u00d6sterreich und der Schweiz bereits sehr verbreitet und wird weiter ausgebaut.<\/p>\n\n\n\n<h2 class=\"wp-block-heading\">Wer kann einen EURO-Schl\u00fcssel erhalten?<\/h2>\n\n\n\n<p>Der CBF ist darauf bedacht, dass der Schl\u00fcssel nur an Menschen mit Behinderung ausgeh\u00e4ndigt wird, die auf behindertengerechte Toiletten angewiesen sind.<\/p>\n\n\n\n<p>Berechtigt sind:&nbsp;&nbsp;<\/p>\n\n\n\n<ul class=\"wp-block-list\"><li>schwer gehbehinderte Menschen&nbsp;<\/li><li>Rollstuhlfahrer<\/li><li>Stomatr\u00e4ger&nbsp;<\/li><li>blinde Menschen&nbsp;<\/li><li>schwerbehinderte Menschen, die hilfsbed\u00fcrftig sind und gegebenenfalls eine Hilfsperson brauchen&nbsp;<\/li><li>an Multipler Sklerose, Morbus Crohn, Colitis ulcerosa erkrankte und Menschen mit chronischen Blasen- \/ Darmleiden<\/li><\/ul>\n\n\n\n<p>Auf jeden Fall erhalten Sie einen Schl\u00fcssel, wenn Sie einen GdB ( Grad der Behinderung) von mindestens 70 und das Merkzeichen G im Schwerbehindertenausweis haben. Bei Vorliegen der Merkzeichen aG, B, H, oder BL erhalten Sie den Schl\u00fcssel unabh\u00e4ngig vom GdB.<br><br>Um Missbrauch zu vermeiden, bittet der CBF bei der Bestellung des EURO-Schl\u00fcssels um Zusendung einer Kopie des Schwerbehindertenausweises, bei Morbus Crohn oder Colitis ulcerosa um einen \u00e4rztlichen Nachweis. Bestellungen \u00fcber drei Schl\u00fcssel werden nur bearbeitet, wenn diese von einem Verein, einer Selbsthilfegruppe oder einer Organisation, sofern diese nachweislich gemeinn\u00fctzig sind, bestellt werden.&nbsp;&nbsp;<\/p>\n\n\n\n<h2 class=\"wp-block-heading\">Wo kann man den EURO-Schl\u00fcssel bestellen?<\/h2>\n\n\n\n<p>Den EURO-Schl\u00fcssel k\u00f6nnen Sie beim CBF-Darmstadt e.V. per Post oder auf direkt auf der Homepage des CBF bestellen.<\/p>\n\n\n\n<p>Postanschrift:<\/p>\n\n\n\n<p><strong>CBF-Darmstadt e.V.<\/strong><br>Pallaswiesenstra\u00dfe 123 a<br>64293 Darmstadt<\/p>\n\n\n\n<p>Homepage:&nbsp;<a href=\"http:\/\/www.cbf-da.de\/\" target=\"_blank\" rel=\"noreferrer noopener\">www.cbf-da.de<\/a><\/p>\n\n\n\n<p>Quellen:&nbsp;<a href=\"http:\/\/www.myhandicap.de\/\" target=\"_blank\" rel=\"noreferrer noopener\">www.myhandicap.de<\/a>,&nbsp;<a href=\"http:\/\/www.seh-netz.info\/\" target=\"_blank\" rel=\"noreferrer noopener\">www.seh-netz.info<\/a>,&nbsp;<a href=\"http:\/\/www.cbf-da.de\/\" target=\"_blank\" rel=\"noreferrer noopener\">www.cbf-da.de<\/a>,&nbsp;<a href=\"http:\/\/www.wikipedia.de\/\" target=\"_blank\" rel=\"noreferrer noopener\">www.wikipedia.de<\/a>&nbsp;und&nbsp;<a href=\"http:\/\/www.barrierefrei-mobil.info\/\" target=\"_blank\" rel=\"noreferrer noopener\">www.barrierefrei-mobil.info<\/a><\/p>\n\n\n\n<p>Bitte besuchen Sie diese Seite bald wieder. Vielen Dank f\u00fcr ihr Interesse!<\/p>\n\n\n\n<p>&nbsp;&nbsp;<em><strong><a href=\"\/Users\/susan\/AppData\/Local\/Microsoft\/Windows\/INetCache\/IE\/76USDEQ0\/a729-un-konvention.pdf\" target=\"_blank\" rel=\"noreferrer noopener\">UN &#8211; Behindertenrechts- konvention<\/a><\/strong><\/em><\/p>\n\n\n\n<p><a href=\"http:\/\/sozial-gut.de\/Behinderten-Toilleten\/\" target=\"_blank\" rel=\"noreferrer noopener\">WC Euro Schl\u00fcssel, wer bekommt ihn?&nbsp;Kostenlos auf \u00d6ffentliche Toilette.<\/a><\/p>\n\n\n\n<p><a href=\"http:\/\/www.die-linke-oldenburg.de\/\" target=\"_blank\" rel=\"noreferrer noopener\"><strong>Die Linke<\/strong><\/a><\/p>\n\n\n\n<p><a href=\"http:\/\/www.die-linke-oldenburg.de\/\" target=\"_blank\" rel=\"noreferrer noopener\"><strong>Oldenburg Stadt<\/strong><\/a><\/p>\n","protected":false},"excerpt":{"rendered":"<p>Hier finden Sie Behinderten gerechte Toiletten wo man mit dem Rollstuhl rein fahren kann. Es sind an Folgende Adressen m\u00f6glich mit dem Rollstuhl in die &hellip; <\/p>\n","protected":false},"author":1,"featured_media":0,"parent":0,"menu_order":0,"comment_status":"closed","ping_status":"closed","template":"","meta":{"footnotes":""},"class_list":["post-107","page","type-page","status-publish","hentry"],"_links":{"self":[{"href":"https:\/\/teilhabe-am-leben.de\/index.php?rest_route=\/wp\/v2\/pages\/107","targetHints":{"allow":["GET"]}}],"collection":[{"href":"https:\/\/teilhabe-am-leben.de\/index.php?rest_route=\/wp\/v2\/pages"}],"about":[{"href":"https:\/\/teilhabe-am-leben.de\/index.php?rest_route=\/wp\/v2\/types\/page"}],"author":[{"embeddable":true,"href":"https:\/\/teilhabe-am-leben.de\/index.php?rest_route=\/wp\/v2\/users\/1"}],"replies":[{"embeddable":true,"href":"https:\/\/teilhabe-am-leben.de\/index.php?rest_route=%2Fwp%2Fv2%2Fcomments&post=107"}],"version-history":[{"count":2,"href":"https:\/\/teilhabe-am-leben.de\/index.php?rest_route=\/wp\/v2\/pages\/107\/revisions"}],"predecessor-version":[{"id":143,"href":"https:\/\/teilhabe-am-leben.de\/index.php?rest_route=\/wp\/v2\/pages\/107\/revisions\/143"}],"wp:attachment":[{"href":"https:\/\/teilhabe-am-leben.de\/index.php?rest_route=%2Fwp%2Fv2%2Fmedia&parent=107"}],"curies":[{"name":"wp","href":"https:\/\/api.w.org\/{rel}","templated":true}]}}